{"id":5473,"date":"2023-07-24T10:38:31","date_gmt":"2023-07-24T14:38:31","guid":{"rendered":"https:\/\/www.citedelenergie.com\/career\/"},"modified":"2023-07-24T10:38:34","modified_gmt":"2023-07-24T14:38:34","slug":"career","status":"publish","type":"page","link":"https:\/\/www.citedelenergie.com\/en\/career\/","title":{"rendered":"Career"},"content":{"rendered":"<div id=\"zone-block_c7cd6fe2d0274ee14f71ebc67e063a4f\" class=\"section section--default md-0\">\r\n\t<div class=\"py-2 py-md-3 section-placeholder\">\r\n\t\t\t\t\t\t<div class=\"section-placeholder__inner js-placeholder\">\r\n\t\t\t\t\t<div class=\"placeholder js-placeholder__inner\">Work at La Cit\u00e9 de l&#8217;\u00e9nergie<\/div>\r\n\t\t\t\t<\/div>\r\n\t\t\t\t\t\t<div class=\"container reveal js-reveal\">\n\t<div class=\"row\">\n\t\t\t\t<div class=\"overflow-hidden col-12\">\n\t\t\t\t\t<h2 class=\"overflow-hidden text-left\">\r\n\t\t\t<span class=\"section-subtitle reveal__item\" data-reveal=\"opacity translatexr\" data-reveal-delay=\"x\">Career<\/span>\r\n\t\t\t<span class=\"reveal__item section-title\" data-reveal=\"opacity translatexr\" data-reveal-delay=\"x\">Work at La Cit\u00e9 de l&#8217;\u00e9nergie<\/span>\r\n\t\t<\/h2>\r\n\t\t\t\t\t<div class=\"md-3 zone-content reveal__item\" data-reveal=\"opacity translatexr\" data-reveal-delay=\"x\">\n\t\t\t\t<p><strong>L&#8217;\u00e9quipe de la Cit\u00e9 de l&#8217;\u00e9nergie est compos\u00e9e de personnes dynamiques et passionn\u00e9es de l&#8217;histoire et du patrimoine de la Mauricie.<\/strong><\/p>\n<p>Si vous \u00eates int\u00e9ress\u00e9s par l\u2019un de ces postes et si votre profil de comp\u00e9tences correspond \u00e0 celui de la candidate ou du candidat recherch\u00e9, veuillez nous faire parvenir votre curriculum vitae, par courriel \u00e0 mlachance@citedelenergie.com en mentionnant le poste.<\/p>\n<hr \/>\n<p><strong>Postes \u00e0 combler<\/strong><\/p>\n\t\t\t<\/div>\n\t\t\t\t\t<div class=\" md-2\">\r\n\t\t\t\t\t\t\t\t<a class=\"btn btn--half\" href=\"https:\/\/www.citedelenergie.com\/wp-content\/uploads\/2023\/07\/Offre-emploi_Journalier.e.docx.pdf\" target=\"\">\r\n\t\t\t\t\t\t<span class=\"inner-text\">Journalier.e<span class=\"inner-text__placeholder\">Journalier.e<\/span><\/span>\r\n\t\t\t\t\t<\/a>\r\n\t\t\t\t\t\t\t<\/div>\r\n\t\t\t\t<\/div>\n\t\t\t<\/div>\n<\/div>\n\t<\/div>\r\n<\/div>","protected":false},"excerpt":{"rendered":"<p>Work at La Cit\u00e9 de l&#8217;\u00e9nergie<\/p>\n<p>\t\t\tCareer<br \/>\n\t\t\tWork at La Cit\u00e9 de l&#8217;\u00e9nergie<\/p>\n<p>\t\t\t\tL&#8217;\u00e9quipe de la Cit\u00e9 de l&#8217;\u00e9nergie est compos\u00e9e de personnes dynamiques et passionn\u00e9es de l&#8217;histoire et du patrimoine de la Mauricie.<br \/>\nSi vous \u00eates int\u00e9ress\u00e9s par l\u2019un de ces postes et si votre profil de comp\u00e9tences correspond \u00e0 celui de la candidate ou du candidat recherch\u00e9, veuillez nous faire parvenir votre curriculum vitae, par courriel \u00e0 mlachance@citedelenergie.com en mentionnant le poste.<\/p>\n<p>Postes [&#8230;]<\/p>\n","protected":false},"author":2,"featured_media":4806,"parent":0,"menu_order":0,"comment_status":"closed","ping_status":"closed","template":"","meta":{"_acf_changed":false,"footnotes":""},"class_list":["post-5473","page","type-page","status-publish","has-post-thumbnail","hentry"],"acf":[],"yoast_head":"<!-- This site is optimized with the Yoast SEO plugin v27.5 - https:\/\/yoast.com\/product\/yoast-seo-wordpress\/ -->\n<title>Career - La Cit\u00e9 de l&#039;\u00c9nergie<\/title>\n<meta name=\"description\" content=\"Career. Work at La Cit\u00e9 de l&#039;\u00e9nergie. Join a dynamic team, passionnate about science and history.\" \/>\n<meta name=\"robots\" content=\"index, follow, max-snippet:-1, max-image-preview:large, max-video-preview:-1\" \/>\n<link rel=\"canonical\" href=\"https:\/\/www.citedelenergie.com\/en\/career\/\" \/>\n<meta property=\"og:locale\" content=\"en_US\" \/>\n<meta property=\"og:type\" content=\"article\" \/>\n<meta property=\"og:title\" content=\"Career - La Cit\u00e9 de l&#039;\u00c9nergie\" \/>\n<meta property=\"og:description\" content=\"Career. Work at La Cit\u00e9 de l&#039;\u00e9nergie. Join a dynamic team, passionnate about science and history.\" \/>\n<meta property=\"og:url\" content=\"https:\/\/www.citedelenergie.com\/en\/career\/\" \/>\n<meta property=\"og:site_name\" content=\"La Cit\u00e9 de l&#039;\u00c9nergie\" \/>\n<meta property=\"article:publisher\" content=\"https:\/\/www.facebook.com\/citedelenergie\/\" \/>\n<meta property=\"article:modified_time\" content=\"2023-07-24T14:38:34+00:00\" \/>\n<meta property=\"og:image\" content=\"https:\/\/www.citedelenergie.com\/wp-content\/uploads\/2023\/03\/ENERGIE_LR_06889_20200223_Sony_ILCE-7RM4_9504-x-6336_img-25-25-scaled.jpg\" \/>\n\t<meta property=\"og:image:width\" content=\"2560\" \/>\n\t<meta property=\"og:image:height\" content=\"1706\" \/>\n\t<meta property=\"og:image:type\" content=\"image\/jpeg\" \/>\n<meta name=\"twitter:card\" content=\"summary_large_image\" \/>\n<meta name=\"twitter:site\" content=\"@citedelenergie\" \/>\n<script type=\"application\/ld+json\" class=\"yoast-schema-graph\">{\"@context\":\"https:\\\/\\\/schema.org\",\"@graph\":[{\"@type\":\"WebPage\",\"@id\":\"https:\\\/\\\/www.citedelenergie.com\\\/en\\\/career\\\/\",\"url\":\"https:\\\/\\\/www.citedelenergie.com\\\/en\\\/career\\\/\",\"name\":\"Career - La Cit\u00e9 de l&#039;\u00c9nergie\",\"isPartOf\":{\"@id\":\"https:\\\/\\\/www.citedelenergie.com\\\/en\\\/#website\"},\"primaryImageOfPage\":{\"@id\":\"https:\\\/\\\/www.citedelenergie.com\\\/en\\\/career\\\/#primaryimage\"},\"image\":{\"@id\":\"https:\\\/\\\/www.citedelenergie.com\\\/en\\\/career\\\/#primaryimage\"},\"thumbnailUrl\":\"https:\\\/\\\/www.citedelenergie.com\\\/wp-content\\\/uploads\\\/2023\\\/03\\\/ENERGIE_LR_06889_20200223_Sony_ILCE-7RM4_9504-x-6336_img-25-25-scaled.jpg\",\"datePublished\":\"2023-07-24T14:38:31+00:00\",\"dateModified\":\"2023-07-24T14:38:34+00:00\",\"description\":\"Career. Work at La Cit\u00e9 de l'\u00e9nergie. Join a dynamic team, passionnate about science and history.\",\"breadcrumb\":{\"@id\":\"https:\\\/\\\/www.citedelenergie.com\\\/en\\\/career\\\/#breadcrumb\"},\"inLanguage\":\"en-US\",\"potentialAction\":[{\"@type\":\"ReadAction\",\"target\":[\"https:\\\/\\\/www.citedelenergie.com\\\/en\\\/career\\\/\"]}]},{\"@type\":\"ImageObject\",\"inLanguage\":\"en-US\",\"@id\":\"https:\\\/\\\/www.citedelenergie.com\\\/en\\\/career\\\/#primaryimage\",\"url\":\"https:\\\/\\\/www.citedelenergie.com\\\/wp-content\\\/uploads\\\/2023\\\/03\\\/ENERGIE_LR_06889_20200223_Sony_ILCE-7RM4_9504-x-6336_img-25-25-scaled.jpg\",\"contentUrl\":\"https:\\\/\\\/www.citedelenergie.com\\\/wp-content\\\/uploads\\\/2023\\\/03\\\/ENERGIE_LR_06889_20200223_Sony_ILCE-7RM4_9504-x-6336_img-25-25-scaled.jpg\",\"width\":2560,\"height\":1706},{\"@type\":\"BreadcrumbList\",\"@id\":\"https:\\\/\\\/www.citedelenergie.com\\\/en\\\/career\\\/#breadcrumb\",\"itemListElement\":[{\"@type\":\"ListItem\",\"position\":1,\"name\":\"Accueil\",\"item\":\"https:\\\/\\\/www.citedelenergie.com\\\/en\\\/\"},{\"@type\":\"ListItem\",\"position\":2,\"name\":\"Career\"}]},{\"@type\":\"WebSite\",\"@id\":\"https:\\\/\\\/www.citedelenergie.com\\\/en\\\/#website\",\"url\":\"https:\\\/\\\/www.citedelenergie.com\\\/en\\\/\",\"name\":\"La Cit\u00e9 de l'\u00c9nergie\",\"description\":\"Expositions &amp; Activit\u00e9s Immersives\",\"publisher\":{\"@id\":\"https:\\\/\\\/www.citedelenergie.com\\\/en\\\/#organization\"},\"potentialAction\":[{\"@type\":\"SearchAction\",\"target\":{\"@type\":\"EntryPoint\",\"urlTemplate\":\"https:\\\/\\\/www.citedelenergie.com\\\/en\\\/?s={search_term_string}\"},\"query-input\":{\"@type\":\"PropertyValueSpecification\",\"valueRequired\":true,\"valueName\":\"search_term_string\"}}],\"inLanguage\":\"en-US\"},{\"@type\":\"Organization\",\"@id\":\"https:\\\/\\\/www.citedelenergie.com\\\/en\\\/#organization\",\"name\":\"La Cit\u00e9 de l'\u00c9nergie\",\"url\":\"https:\\\/\\\/www.citedelenergie.com\\\/en\\\/\",\"logo\":{\"@type\":\"ImageObject\",\"inLanguage\":\"en-US\",\"@id\":\"https:\\\/\\\/www.citedelenergie.com\\\/en\\\/#\\\/schema\\\/logo\\\/image\\\/\",\"url\":\"https:\\\/\\\/www.citedelenergie.com\\\/wp-content\\\/uploads\\\/2023\\\/04\\\/Logo-Cite-fond-mauve-2.png\",\"contentUrl\":\"https:\\\/\\\/www.citedelenergie.com\\\/wp-content\\\/uploads\\\/2023\\\/04\\\/Logo-Cite-fond-mauve-2.png\",\"width\":762,\"height\":700,\"caption\":\"La Cit\u00e9 de l'\u00c9nergie\"},\"image\":{\"@id\":\"https:\\\/\\\/www.citedelenergie.com\\\/en\\\/#\\\/schema\\\/logo\\\/image\\\/\"},\"sameAs\":[\"https:\\\/\\\/www.facebook.com\\\/citedelenergie\\\/\",\"https:\\\/\\\/x.com\\\/citedelenergie\",\"https:\\\/\\\/www.instagram.com\\\/citedelenergie\\\/\",\"https:\\\/\\\/www.youtube.com\\\/channel\\\/UCqe6ukCAPaHxd8osxT7eLIA\"]}]}<\/script>\n<!-- \/ Yoast SEO plugin. -->","yoast_head_json":{"title":"Career - La Cit\u00e9 de l&#039;\u00c9nergie","description":"Career. Work at La Cit\u00e9 de l'\u00e9nergie. Join a dynamic team, passionnate about science and history.","robots":{"index":"index","follow":"follow","max-snippet":"max-snippet:-1","max-image-preview":"max-image-preview:large","max-video-preview":"max-video-preview:-1"},"canonical":"https:\/\/www.citedelenergie.com\/en\/career\/","og_locale":"en_US","og_type":"article","og_title":"Career - La Cit\u00e9 de l&#039;\u00c9nergie","og_description":"Career. Work at La Cit\u00e9 de l'\u00e9nergie. Join a dynamic team, passionnate about science and history.","og_url":"https:\/\/www.citedelenergie.com\/en\/career\/","og_site_name":"La Cit\u00e9 de l&#039;\u00c9nergie","article_publisher":"https:\/\/www.facebook.com\/citedelenergie\/","article_modified_time":"2023-07-24T14:38:34+00:00","og_image":[{"width":2560,"height":1706,"url":"https:\/\/www.citedelenergie.com\/wp-content\/uploads\/2023\/03\/ENERGIE_LR_06889_20200223_Sony_ILCE-7RM4_9504-x-6336_img-25-25-scaled.jpg","type":"image\/jpeg"}],"twitter_card":"summary_large_image","twitter_site":"@citedelenergie","schema":{"@context":"https:\/\/schema.org","@graph":[{"@type":"WebPage","@id":"https:\/\/www.citedelenergie.com\/en\/career\/","url":"https:\/\/www.citedelenergie.com\/en\/career\/","name":"Career - La Cit\u00e9 de l&#039;\u00c9nergie","isPartOf":{"@id":"https:\/\/www.citedelenergie.com\/en\/#website"},"primaryImageOfPage":{"@id":"https:\/\/www.citedelenergie.com\/en\/career\/#primaryimage"},"image":{"@id":"https:\/\/www.citedelenergie.com\/en\/career\/#primaryimage"},"thumbnailUrl":"https:\/\/www.citedelenergie.com\/wp-content\/uploads\/2023\/03\/ENERGIE_LR_06889_20200223_Sony_ILCE-7RM4_9504-x-6336_img-25-25-scaled.jpg","datePublished":"2023-07-24T14:38:31+00:00","dateModified":"2023-07-24T14:38:34+00:00","description":"Career. Work at La Cit\u00e9 de l'\u00e9nergie. Join a dynamic team, passionnate about science and history.","breadcrumb":{"@id":"https:\/\/www.citedelenergie.com\/en\/career\/#breadcrumb"},"inLanguage":"en-US","potentialAction":[{"@type":"ReadAction","target":["https:\/\/www.citedelenergie.com\/en\/career\/"]}]},{"@type":"ImageObject","inLanguage":"en-US","@id":"https:\/\/www.citedelenergie.com\/en\/career\/#primaryimage","url":"https:\/\/www.citedelenergie.com\/wp-content\/uploads\/2023\/03\/ENERGIE_LR_06889_20200223_Sony_ILCE-7RM4_9504-x-6336_img-25-25-scaled.jpg","contentUrl":"https:\/\/www.citedelenergie.com\/wp-content\/uploads\/2023\/03\/ENERGIE_LR_06889_20200223_Sony_ILCE-7RM4_9504-x-6336_img-25-25-scaled.jpg","width":2560,"height":1706},{"@type":"BreadcrumbList","@id":"https:\/\/www.citedelenergie.com\/en\/career\/#breadcrumb","itemListElement":[{"@type":"ListItem","position":1,"name":"Accueil","item":"https:\/\/www.citedelenergie.com\/en\/"},{"@type":"ListItem","position":2,"name":"Career"}]},{"@type":"WebSite","@id":"https:\/\/www.citedelenergie.com\/en\/#website","url":"https:\/\/www.citedelenergie.com\/en\/","name":"La Cit\u00e9 de l'\u00c9nergie","description":"Expositions &amp; Activit\u00e9s Immersives","publisher":{"@id":"https:\/\/www.citedelenergie.com\/en\/#organization"},"potentialAction":[{"@type":"SearchAction","target":{"@type":"EntryPoint","urlTemplate":"https:\/\/www.citedelenergie.com\/en\/?s={search_term_string}"},"query-input":{"@type":"PropertyValueSpecification","valueRequired":true,"valueName":"search_term_string"}}],"inLanguage":"en-US"},{"@type":"Organization","@id":"https:\/\/www.citedelenergie.com\/en\/#organization","name":"La Cit\u00e9 de l'\u00c9nergie","url":"https:\/\/www.citedelenergie.com\/en\/","logo":{"@type":"ImageObject","inLanguage":"en-US","@id":"https:\/\/www.citedelenergie.com\/en\/#\/schema\/logo\/image\/","url":"https:\/\/www.citedelenergie.com\/wp-content\/uploads\/2023\/04\/Logo-Cite-fond-mauve-2.png","contentUrl":"https:\/\/www.citedelenergie.com\/wp-content\/uploads\/2023\/04\/Logo-Cite-fond-mauve-2.png","width":762,"height":700,"caption":"La Cit\u00e9 de l'\u00c9nergie"},"image":{"@id":"https:\/\/www.citedelenergie.com\/en\/#\/schema\/logo\/image\/"},"sameAs":["https:\/\/www.facebook.com\/citedelenergie\/","https:\/\/x.com\/citedelenergie","https:\/\/www.instagram.com\/citedelenergie\/","https:\/\/www.youtube.com\/channel\/UCqe6ukCAPaHxd8osxT7eLIA"]}]}},"_links":{"self":[{"href":"https:\/\/www.citedelenergie.com\/en\/wp-json\/wp\/v2\/pages\/5473","targetHints":{"allow":["GET"]}}],"collection":[{"href":"https:\/\/www.citedelenergie.com\/en\/wp-json\/wp\/v2\/pages"}],"about":[{"href":"https:\/\/www.citedelenergie.com\/en\/wp-json\/wp\/v2\/types\/page"}],"author":[{"embeddable":true,"href":"https:\/\/www.citedelenergie.com\/en\/wp-json\/wp\/v2\/users\/2"}],"replies":[{"embeddable":true,"href":"https:\/\/www.citedelenergie.com\/en\/wp-json\/wp\/v2\/comments?post=5473"}],"version-history":[{"count":3,"href":"https:\/\/www.citedelenergie.com\/en\/wp-json\/wp\/v2\/pages\/5473\/revisions"}],"predecessor-version":[{"id":5476,"href":"https:\/\/www.citedelenergie.com\/en\/wp-json\/wp\/v2\/pages\/5473\/revisions\/5476"}],"wp:featuredmedia":[{"embeddable":true,"href":"https:\/\/www.citedelenergie.com\/en\/wp-json\/wp\/v2\/media\/4806"}],"wp:attachment":[{"href":"https:\/\/www.citedelenergie.com\/en\/wp-json\/wp\/v2\/media?parent=5473"}],"curies":[{"name":"wp","href":"https:\/\/api.w.org\/{rel}","templated":true}]}}