{"id":1811,"date":"2021-05-18T15:41:53","date_gmt":"2021-05-18T19:41:53","guid":{"rendered":"https:\/\/www.citedelenergie.com\/groups\/"},"modified":"2023-07-24T12:20:41","modified_gmt":"2023-07-24T16:20:41","slug":"groups","status":"publish","type":"page","link":"https:\/\/www.citedelenergie.com\/en\/groups\/","title":{"rendered":"Groups"},"content":{"rendered":"<div id=\"zone-block_69e848f38c1f80dfab515c0aced71eff\" class=\"section section--default md-0\">\r\n\t<div class=\"py-2 py-md-3 section-placeholder\">\r\n\t\t\t\t\t\t<div class=\"section-placeholder__inner js-placeholder\">\r\n\t\t\t\t\t<div class=\"placeholder js-placeholder__inner\">School and Group Outings<\/div>\r\n\t\t\t\t<\/div>\r\n\t\t\t\t\t\t<div class=\"container reveal js-reveal\">\n\t<div class=\"row\">\n\t\t\t\t<div class=\"overflow-hidden col-12 col-md-7\">\n\t\t\t\t\t<h2 id=\"school-and-group-outings\" class=\"overflow-hidden text-left -is-anchor\">\r\n\t\t\t<span class=\"section-subtitle reveal__item\" data-reveal=\"opacity translatexr\" data-reveal-delay=\"x\">la cit\u00e9 de l&#8217;\u00e9nergie<\/span>\r\n\t\t\t<span class=\"reveal__item section-title\" data-reveal=\"opacity translatexr\" data-reveal-delay=\"x\">School and Group Outings<\/span>\r\n\t\t<\/h2>\r\n\t\t\t\t\t<div class=\"md-3 zone-content reveal__item\" data-reveal=\"opacity translatexr\" data-reveal-delay=\"x\">\n\t\t\t\t<p><strong>School and group activities<\/strong><\/p>\n<p>La Cit\u00e9 de l&#8217;\u00e9nergie is open year round for groups of 15 people or more. Our services are offered for groups of young children, preschoolers, school groups, corporate groups, travelers and others.<\/p>\n<p>As soon as you arrive, our guides will take care of you and be happy to accompany you throughout your visit and adapt to your needs.<\/p>\n<p>To plan your visit or for more information, please contact Josiane Gravel at <a href=\"mailto:administration@citedelenergie.com\">administration@citedelenergie.com<\/a><\/p>\n\t\t\t<\/div>\n\t\t\t\t\t<\/div>\n\t\t\t\t\t\t<div class=\"col-12 col-md-5 col-overlap\">\n\t\t\t\t\t<div class=\"overlap-images\">\n\t\t\t\t\t\t\t\t\t\t\t\t\t\t<img decoding=\"async\" src=\"https:\/\/www.citedelenergie.com\/wp-content\/uploads\/2022\/06\/sortie-scolaire.png\" alt=\"\" loading=\"lazy\">\n\t\t\t\t\t\t\t\t\t\t\t\t\t<\/div>\n\t\t\t\t<\/div>\n\t\t\t\t\t<\/div>\n<\/div>\n\t<\/div>\r\n<\/div>\n\n<div id=\"zone-block_3c927037777dd449602121e46c87ebed\" class=\"section section--dark md-0\">\r\n\t<div class=\"py-2 py-md-3 section-placeholder\">\r\n\t\t\t\t\t\t<div class=\"section-placeholder__inner js-placeholder\">\r\n\t\t\t\t\t<div class=\"placeholder js-placeholder__inner\">Educational Vision and Mission <\/div>\r\n\t\t\t\t<\/div>\r\n\t\t\t\t\t\t<div class=\"container reveal js-reveal\">\n\t<div class=\"row\">\n\t\t\t\t<div class=\"overflow-hidden col-12\">\n\t\t\t\t\t<h2 id=\"educational-vision-and-mission\" class=\"overflow-hidden text-center -is-anchor\">\r\n\t\t\t<span class=\"section-subtitle reveal__item\" data-reveal=\"opacity translatexr\" data-reveal-delay=\"x\">la cit\u00e9 de l&#8217;\u00e9nergie<\/span>\r\n\t\t\t<span class=\"reveal__item section-title\" data-reveal=\"opacity translatexr\" data-reveal-delay=\"x\">Educational Vision and Mission <\/span>\r\n\t\t<\/h2>\r\n\t\t\t\t\t<div class=\"md-3 zone-content reveal__item\" data-reveal=\"opacity translatexr\" data-reveal-delay=\"x\">\n\t\t\t\t<p>Education is an important part of the museum&#8217;s mission, guiding and structuring all its actions and activities. The Cit\u00e9 de l&#8217;\u00e9nergie offers stimulating and interactive experiences that lead visitors to discover and understand a range of facts and issues related to history, heritage, industrial development and science. The exhibits and animations presented raise questions and encourage reflection on various historical, political, environmental and other issues. They lead the visitor to wonder, discover and question by taking a journey through time that is both fun and entertaining. The activities are designed so that the public, young and old alike, have fun learning. The educational content of the exhibitions and activities of the Cit\u00e9 de l&#8217;\u00e9nergie is extremely rich and varied.<\/p>\n<p>The main objectives of the educational mission are to raise awareness and educate and develop reflection on the themes present in the organizational mission. These themes cover the history, heritage and industrial development of Shawinigan as well as scientific culture in the fields of energy and industry.<\/p>\n<p>In order to meet the requirements of its different audiences in relation to museum education, the Cit\u00e9 de l&#8217;\u00e9nergie has developed educational activities adapted to each group.<\/p>\n\t\t\t<\/div>\n\t\t\t\t\t<div class=\" md-2\">\r\n\t\t\t\t\t\t\t\t<a class=\"btn btn--half\" href=\"https:\/\/www.citedelenergie.com\/wp-content\/uploads\/2021\/07\/politique-education_2021.pdf\" target=\"_blank\">\r\n\t\t\t\t\t\t<span class=\"inner-text\">Education and cultural action policy <span class=\"inner-text__placeholder\">Education and cultural action policy <\/span><\/span>\r\n\t\t\t\t\t<\/a>\r\n\t\t\t\t\t\t\t<\/div>\r\n\t\t\t\t<\/div>\n\t\t\t<\/div>\n<\/div>\n\t<\/div>\r\n<\/div>","protected":false},"excerpt":{"rendered":"<p>School and Group Outings<\/p>\n<p>\t\t\tla cit\u00e9 de l&#8217;\u00e9nergie<br \/>\n\t\t\tSchool and Group Outings<\/p>\n<p>\t\t\t\tSchool and group activities<br \/>\nLa Cit\u00e9 de l&#8217;\u00e9nergie is open year round for groups of 15 people or more. Our services are offered for groups of young children, preschoolers, school groups, corporate groups, travelers and others.<br \/>\nAs soon as you arrive, our guides will take care of you and be happy to accompany you throughout your visit and adapt to your needs.<br \/>\nTo [&#8230;]<\/p>\n","protected":false},"author":1,"featured_media":0,"parent":0,"menu_order":0,"comment_status":"closed","ping_status":"closed","template":"","meta":{"_acf_changed":false,"footnotes":""},"class_list":["post-1811","page","type-page","status-publish","hentry"],"acf":[],"yoast_head":"<!-- This site is optimized with the Yoast SEO plugin v27.5 - https:\/\/yoast.com\/product\/yoast-seo-wordpress\/ -->\n<title>School &amp; Group Activities - La Cit\u00e9 de l&#039;\u00c9nergie in Shawinigan<\/title>\n<meta name=\"description\" content=\"Educational, stimulating and interactive visits and activities for early childhood, preschool, school, corporate and other groups.\" \/>\n<meta name=\"robots\" content=\"index, follow, max-snippet:-1, max-image-preview:large, max-video-preview:-1\" \/>\n<link rel=\"canonical\" href=\"https:\/\/www.citedelenergie.com\/en\/groups\/\" \/>\n<meta property=\"og:locale\" content=\"en_US\" \/>\n<meta property=\"og:type\" content=\"article\" \/>\n<meta property=\"og:title\" content=\"School &amp; Group Activities - La Cit\u00e9 de l&#039;\u00c9nergie in Shawinigan\" \/>\n<meta property=\"og:description\" content=\"Educational, stimulating and interactive visits and activities for early childhood, preschool, school, corporate and other groups.\" \/>\n<meta property=\"og:url\" content=\"https:\/\/www.citedelenergie.com\/en\/groups\/\" \/>\n<meta property=\"og:site_name\" content=\"La Cit\u00e9 de l&#039;\u00c9nergie\" \/>\n<meta property=\"article:publisher\" content=\"https:\/\/www.facebook.com\/citedelenergie\/\" \/>\n<meta property=\"article:modified_time\" content=\"2023-07-24T16:20:41+00:00\" \/>\n<meta name=\"twitter:card\" content=\"summary_large_image\" \/>\n<meta name=\"twitter:site\" content=\"@citedelenergie\" \/>\n<script type=\"application\/ld+json\" class=\"yoast-schema-graph\">{\"@context\":\"https:\\\/\\\/schema.org\",\"@graph\":[{\"@type\":\"WebPage\",\"@id\":\"https:\\\/\\\/www.citedelenergie.com\\\/en\\\/groups\\\/\",\"url\":\"https:\\\/\\\/www.citedelenergie.com\\\/en\\\/groups\\\/\",\"name\":\"School & Group Activities - La Cit\u00e9 de l&#039;\u00c9nergie in Shawinigan\",\"isPartOf\":{\"@id\":\"https:\\\/\\\/www.citedelenergie.com\\\/en\\\/#website\"},\"datePublished\":\"2021-05-18T19:41:53+00:00\",\"dateModified\":\"2023-07-24T16:20:41+00:00\",\"description\":\"Educational, stimulating and interactive visits and activities for early childhood, preschool, school, corporate and other groups.\",\"breadcrumb\":{\"@id\":\"https:\\\/\\\/www.citedelenergie.com\\\/en\\\/groups\\\/#breadcrumb\"},\"inLanguage\":\"en-US\",\"potentialAction\":[{\"@type\":\"ReadAction\",\"target\":[\"https:\\\/\\\/www.citedelenergie.com\\\/en\\\/groups\\\/\"]}]},{\"@type\":\"BreadcrumbList\",\"@id\":\"https:\\\/\\\/www.citedelenergie.com\\\/en\\\/groups\\\/#breadcrumb\",\"itemListElement\":[{\"@type\":\"ListItem\",\"position\":1,\"name\":\"Accueil\",\"item\":\"https:\\\/\\\/www.citedelenergie.com\\\/en\\\/\"},{\"@type\":\"ListItem\",\"position\":2,\"name\":\"Groups\"}]},{\"@type\":\"WebSite\",\"@id\":\"https:\\\/\\\/www.citedelenergie.com\\\/en\\\/#website\",\"url\":\"https:\\\/\\\/www.citedelenergie.com\\\/en\\\/\",\"name\":\"La Cit\u00e9 de l'\u00c9nergie\",\"description\":\"Expositions &amp; Activit\u00e9s Immersives\",\"publisher\":{\"@id\":\"https:\\\/\\\/www.citedelenergie.com\\\/en\\\/#organization\"},\"potentialAction\":[{\"@type\":\"SearchAction\",\"target\":{\"@type\":\"EntryPoint\",\"urlTemplate\":\"https:\\\/\\\/www.citedelenergie.com\\\/en\\\/?s={search_term_string}\"},\"query-input\":{\"@type\":\"PropertyValueSpecification\",\"valueRequired\":true,\"valueName\":\"search_term_string\"}}],\"inLanguage\":\"en-US\"},{\"@type\":\"Organization\",\"@id\":\"https:\\\/\\\/www.citedelenergie.com\\\/en\\\/#organization\",\"name\":\"La Cit\u00e9 de l'\u00c9nergie\",\"url\":\"https:\\\/\\\/www.citedelenergie.com\\\/en\\\/\",\"logo\":{\"@type\":\"ImageObject\",\"inLanguage\":\"en-US\",\"@id\":\"https:\\\/\\\/www.citedelenergie.com\\\/en\\\/#\\\/schema\\\/logo\\\/image\\\/\",\"url\":\"https:\\\/\\\/www.citedelenergie.com\\\/wp-content\\\/uploads\\\/2023\\\/04\\\/Logo-Cite-fond-mauve-2.png\",\"contentUrl\":\"https:\\\/\\\/www.citedelenergie.com\\\/wp-content\\\/uploads\\\/2023\\\/04\\\/Logo-Cite-fond-mauve-2.png\",\"width\":762,\"height\":700,\"caption\":\"La Cit\u00e9 de l'\u00c9nergie\"},\"image\":{\"@id\":\"https:\\\/\\\/www.citedelenergie.com\\\/en\\\/#\\\/schema\\\/logo\\\/image\\\/\"},\"sameAs\":[\"https:\\\/\\\/www.facebook.com\\\/citedelenergie\\\/\",\"https:\\\/\\\/x.com\\\/citedelenergie\",\"https:\\\/\\\/www.instagram.com\\\/citedelenergie\\\/\",\"https:\\\/\\\/www.youtube.com\\\/channel\\\/UCqe6ukCAPaHxd8osxT7eLIA\"]}]}<\/script>\n<!-- \/ Yoast SEO plugin. -->","yoast_head_json":{"title":"School & Group Activities - La Cit\u00e9 de l&#039;\u00c9nergie in Shawinigan","description":"Educational, stimulating and interactive visits and activities for early childhood, preschool, school, corporate and other groups.","robots":{"index":"index","follow":"follow","max-snippet":"max-snippet:-1","max-image-preview":"max-image-preview:large","max-video-preview":"max-video-preview:-1"},"canonical":"https:\/\/www.citedelenergie.com\/en\/groups\/","og_locale":"en_US","og_type":"article","og_title":"School & Group Activities - La Cit\u00e9 de l&#039;\u00c9nergie in Shawinigan","og_description":"Educational, stimulating and interactive visits and activities for early childhood, preschool, school, corporate and other groups.","og_url":"https:\/\/www.citedelenergie.com\/en\/groups\/","og_site_name":"La Cit\u00e9 de l&#039;\u00c9nergie","article_publisher":"https:\/\/www.facebook.com\/citedelenergie\/","article_modified_time":"2023-07-24T16:20:41+00:00","twitter_card":"summary_large_image","twitter_site":"@citedelenergie","schema":{"@context":"https:\/\/schema.org","@graph":[{"@type":"WebPage","@id":"https:\/\/www.citedelenergie.com\/en\/groups\/","url":"https:\/\/www.citedelenergie.com\/en\/groups\/","name":"School & Group Activities - La Cit\u00e9 de l&#039;\u00c9nergie in Shawinigan","isPartOf":{"@id":"https:\/\/www.citedelenergie.com\/en\/#website"},"datePublished":"2021-05-18T19:41:53+00:00","dateModified":"2023-07-24T16:20:41+00:00","description":"Educational, stimulating and interactive visits and activities for early childhood, preschool, school, corporate and other groups.","breadcrumb":{"@id":"https:\/\/www.citedelenergie.com\/en\/groups\/#breadcrumb"},"inLanguage":"en-US","potentialAction":[{"@type":"ReadAction","target":["https:\/\/www.citedelenergie.com\/en\/groups\/"]}]},{"@type":"BreadcrumbList","@id":"https:\/\/www.citedelenergie.com\/en\/groups\/#breadcrumb","itemListElement":[{"@type":"ListItem","position":1,"name":"Accueil","item":"https:\/\/www.citedelenergie.com\/en\/"},{"@type":"ListItem","position":2,"name":"Groups"}]},{"@type":"WebSite","@id":"https:\/\/www.citedelenergie.com\/en\/#website","url":"https:\/\/www.citedelenergie.com\/en\/","name":"La Cit\u00e9 de l'\u00c9nergie","description":"Expositions &amp; Activit\u00e9s Immersives","publisher":{"@id":"https:\/\/www.citedelenergie.com\/en\/#organization"},"potentialAction":[{"@type":"SearchAction","target":{"@type":"EntryPoint","urlTemplate":"https:\/\/www.citedelenergie.com\/en\/?s={search_term_string}"},"query-input":{"@type":"PropertyValueSpecification","valueRequired":true,"valueName":"search_term_string"}}],"inLanguage":"en-US"},{"@type":"Organization","@id":"https:\/\/www.citedelenergie.com\/en\/#organization","name":"La Cit\u00e9 de l'\u00c9nergie","url":"https:\/\/www.citedelenergie.com\/en\/","logo":{"@type":"ImageObject","inLanguage":"en-US","@id":"https:\/\/www.citedelenergie.com\/en\/#\/schema\/logo\/image\/","url":"https:\/\/www.citedelenergie.com\/wp-content\/uploads\/2023\/04\/Logo-Cite-fond-mauve-2.png","contentUrl":"https:\/\/www.citedelenergie.com\/wp-content\/uploads\/2023\/04\/Logo-Cite-fond-mauve-2.png","width":762,"height":700,"caption":"La Cit\u00e9 de l'\u00c9nergie"},"image":{"@id":"https:\/\/www.citedelenergie.com\/en\/#\/schema\/logo\/image\/"},"sameAs":["https:\/\/www.facebook.com\/citedelenergie\/","https:\/\/x.com\/citedelenergie","https:\/\/www.instagram.com\/citedelenergie\/","https:\/\/www.youtube.com\/channel\/UCqe6ukCAPaHxd8osxT7eLIA"]}]}},"_links":{"self":[{"href":"https:\/\/www.citedelenergie.com\/en\/wp-json\/wp\/v2\/pages\/1811","targetHints":{"allow":["GET"]}}],"collection":[{"href":"https:\/\/www.citedelenergie.com\/en\/wp-json\/wp\/v2\/pages"}],"about":[{"href":"https:\/\/www.citedelenergie.com\/en\/wp-json\/wp\/v2\/types\/page"}],"author":[{"embeddable":true,"href":"https:\/\/www.citedelenergie.com\/en\/wp-json\/wp\/v2\/users\/1"}],"replies":[{"embeddable":true,"href":"https:\/\/www.citedelenergie.com\/en\/wp-json\/wp\/v2\/comments?post=1811"}],"version-history":[{"count":21,"href":"https:\/\/www.citedelenergie.com\/en\/wp-json\/wp\/v2\/pages\/1811\/revisions"}],"predecessor-version":[{"id":5512,"href":"https:\/\/www.citedelenergie.com\/en\/wp-json\/wp\/v2\/pages\/1811\/revisions\/5512"}],"wp:attachment":[{"href":"https:\/\/www.citedelenergie.com\/en\/wp-json\/wp\/v2\/media?parent=1811"}],"curies":[{"name":"wp","href":"https:\/\/api.w.org\/{rel}","templated":true}]}}