{"id":1569,"date":"2021-05-17T16:40:29","date_gmt":"2021-05-17T20:40:29","guid":{"rendered":"https:\/\/www.citedelenergie.com\/?post_type=acf-field&#038;p=1569"},"modified":"2023-07-21T11:06:15","modified_gmt":"2023-07-21T15:06:15","slug":"about-la-cite","status":"publish","type":"page","link":"https:\/\/www.citedelenergie.com\/en\/about-la-cite\/","title":{"rendered":"About la cit\u00e9"},"content":{"rendered":"<div id=\"timeline-block_08e56d03cc285dba68c693ea5c544d92\" class=\"section section--default md-0\">\r\n\t<div class=\"py-2 py-md-3 section-placeholder\">\r\n\t\t\t\t\t\t<div class=\"section-placeholder__inner js-placeholder\">\r\n\t\t\t\t\t<div class=\"placeholder js-placeholder__inner\">Our History<\/div>\r\n\t\t\t\t<\/div>\r\n\t\t\t\t\t\t<div class=\"timeline-container md-0 reveal js-reveal\">\r\n\t<div class=\"container\">\r\n\t\t\t\t<h2 class=\"overflow-hidden text-left\">\r\n\t\t\t<span class=\"section-subtitle reveal__item\" data-reveal=\"opacity translatexr\" data-reveal-delay=\"x\">La Cit\u00e9 de l&#8217;\u00c9nergie<\/span>\r\n\t\t\t<span class=\"reveal__item section-title\" data-reveal=\"opacity translatexr\" data-reveal-delay=\"x\">Our History<\/span>\r\n\t\t<\/h2>\r\n\t\t\t<\/div>\r\n\t<div class=\"hscroll timeline-scroll md-6\">\r\n\t\t<div class=\"hscroll__track\">\r\n\t\t\t<ol class=\"timeline\">\r\n\t\t\t\t\t\t\t<\/ol>\r\n\t\t<\/div>\r\n\t<\/div>\r\n<\/div>\r\n\t<\/div>\r\n<\/div>\n\n<div id=\"zone-block_53c4270347e0bf495fd0d026a2373fc7\" class=\"section section--dark md-0\">\r\n\t<div class=\"py-2 py-md-3\">\r\n\t\t\t\t<div class=\"container reveal js-reveal\">\n\t<div class=\"row\">\n\t\t\t\t<div class=\"overflow-hidden col-12\">\n\t\t\t\t\t\t<div class=\"md-3 zone-content reveal__item\" data-reveal=\"opacity translatexr\" data-reveal-delay=\"x\">\n\t\t\t\t<h3 style=\"text-align: center;\"><strong>Our mission<\/strong><\/h3>\n<p style=\"text-align: center;\">La Cit\u00e9 de l&#8217;\u00e9nergie is an immersive museum complex with the mission to inform, showcase, and educate the public about the history, heritage, and industrial development of Shawinigan and its region, as well as the scientific culture in the fields of energy and industries.<\/p>\n<h3 style=\"text-align: center;\"><strong>Our vision<\/strong><\/h3>\n<p style=\"text-align: center;\" align=\"center\">The City of Energy stands out with its immersive activities that place the visitor at the center of their experience. It offers interactive exhibitions and a multimedia show featuring special effects, multisensory experiences, and even a rotating stage. With its city tour and cruise that allow the discovery of Shawinigan&#8217;s industrial past, its observation tower, and visits to hydroelectric power plants, including one still in operation, the City of Energy offers a genuine journey through time where the visitor actively participates. With the guidance of our knowledgeable and attentive guides, you will experience a personalized visit at your own pace.<\/p>\n<h3 style=\"text-align: center;\"><strong>Our values<\/strong><\/h3>\n<p style=\"text-align: center;\">Excellence \u2013 Visitor orientation \u2013 Innovation \u2013 Respect<\/p>\n<p style=\"text-align: center;\">\n\t\t\t<\/div>\n\t\t\t\t\t<\/div>\n\t\t\t<\/div>\n<\/div>\n\t<\/div>\r\n<\/div>\n\n<div id=\"team-block_9a2b9c21379f420f41e6fda9249861f1\" class=\"section section--default md-0\">\r\n\t<div class=\"py-2 py-md-3 section-placeholder\">\r\n\t\t\t\t\t\t<div class=\"section-placeholder__inner js-placeholder\">\r\n\t\t\t\t\t<div class=\"placeholder js-placeholder__inner\">Our team<\/div>\r\n\t\t\t\t<\/div>\r\n\t\t\t\t\t\t<div class=\"container reveal js-reveal\">\r\n\t\t\t<h2 class=\"overflow-hidden text-center\">\r\n\t\t\t<span class=\"section-subtitle reveal__item\" data-reveal=\"opacity translatexr\" data-reveal-delay=\"x\">La Cit\u00e9 de l&#8217;\u00c9nergie<\/span>\r\n\t\t\t<span class=\"reveal__item section-title\" data-reveal=\"opacity translatexr\" data-reveal-delay=\"x\">Our team<\/span>\r\n\t\t<\/h2>\r\n\t\t\t<div class=\"md-3 md-md-4 md-lg-5 md-xl-6\">\r\n\t\t<ul class=\"team-list reveal__item\" data-reveal=\"opacity translatexr\" data-reveal-delay=\"x\">\r\n\t\t\t\t\t<\/ul>\r\n\t<\/div>\r\n<\/div>\r\n\t<\/div>\r\n<\/div>\n\n<div id=\"awards-block_6b2420bb5b179492c96b3a499530906d\" class=\"section section--dark md-0\">\r\n\t<div class=\"py-2 py-md-3 section-placeholder\">\r\n\t\t\t\t\t\t<div class=\"section-placeholder__inner js-placeholder\">\r\n\t\t\t\t\t<div class=\"placeholder js-placeholder__inner\">Awards and Distinctions<\/div>\r\n\t\t\t\t<\/div>\r\n\t\t\t\t\t\t<div class=\"container reveal js-reveal\">\r\n\t\t\t<h2 class=\"overflow-hidden text-center\">\r\n\t\t\t<span class=\"section-subtitle reveal__item\" data-reveal=\"opacity translatexr\" data-reveal-delay=\"x\">La Cit\u00e9 de l&#8217;\u00c9nergie<\/span>\r\n\t\t\t<span class=\"reveal__item section-title\" data-reveal=\"opacity translatexr\" data-reveal-delay=\"x\">Awards and Distinctions<\/span>\r\n\t\t<\/h2>\r\n\t\t\t<div class=\"md-3\">\r\n\t\t<ul class=\"awards-list\">\r\n\t\t\t\t\t<\/ul>\r\n\t<\/div>\r\n<\/div>\r\n\t<\/div>\r\n<\/div>","protected":false},"excerpt":{"rendered":"<p>Our History<\/p>\n<p>\t\t\tLa Cit\u00e9 de l&#8217;\u00c9nergie<br \/>\n\t\t\tOur History<\/p>\n<p>\t\t\t\tOur mission<br \/>\nLa Cit\u00e9 de l&#8217;\u00e9nergie is an immersive museum complex with the mission to inform, showcase, and educate the public about the history, heritage, and industrial development of Shawinigan and its region, as well as the scientific culture in the fields of energy and industries.<br \/>\nOur vision<br \/>\nThe City of Energy stands out with its immersive activities that place the visitor at the center of their experience.<\/p>\n","protected":false},"author":1,"featured_media":0,"parent":0,"menu_order":0,"comment_status":"closed","ping_status":"closed","template":"","meta":{"_acf_changed":false,"footnotes":""},"class_list":["post-1569","page","type-page","status-publish","hentry"],"acf":[],"yoast_head":"<!-- This site is optimized with the Yoast SEO plugin v27.4 - https:\/\/yoast.com\/product\/yoast-seo-wordpress\/ -->\n<title>About La Cit\u00e9 de l&#039;\u00c9nergie - Immersive Activities<\/title>\n<meta name=\"description\" content=\"La Cit\u00e9 de l\u2019\u00e9nergie stands out for its immersive activities, which place the visitor at the center of his experience. For the whole family!\" \/>\n<meta name=\"robots\" content=\"index, follow, max-snippet:-1, max-image-preview:large, max-video-preview:-1\" \/>\n<link rel=\"canonical\" href=\"https:\/\/www.citedelenergie.com\/en\/about-la-cite\/\" \/>\n<meta property=\"og:locale\" content=\"en_US\" \/>\n<meta property=\"og:type\" content=\"article\" \/>\n<meta property=\"og:title\" content=\"About La Cit\u00e9 de l&#039;\u00c9nergie - Immersive Activities\" \/>\n<meta property=\"og:description\" content=\"La Cit\u00e9 de l\u2019\u00e9nergie stands out for its immersive activities, which place the visitor at the center of his experience. For the whole family!\" \/>\n<meta property=\"og:url\" content=\"https:\/\/www.citedelenergie.com\/en\/about-la-cite\/\" \/>\n<meta property=\"og:site_name\" content=\"La Cit\u00e9 de l&#039;\u00c9nergie\" \/>\n<meta property=\"article:publisher\" content=\"https:\/\/www.facebook.com\/citedelenergie\/\" \/>\n<meta property=\"article:modified_time\" content=\"2023-07-21T15:06:15+00:00\" \/>\n<meta name=\"twitter:card\" content=\"summary_large_image\" \/>\n<meta name=\"twitter:site\" content=\"@citedelenergie\" \/>\n<script type=\"application\/ld+json\" class=\"yoast-schema-graph\">{\"@context\":\"https:\\\/\\\/schema.org\",\"@graph\":[{\"@type\":\"WebPage\",\"@id\":\"https:\\\/\\\/www.citedelenergie.com\\\/en\\\/about-la-cite\\\/\",\"url\":\"https:\\\/\\\/www.citedelenergie.com\\\/en\\\/about-la-cite\\\/\",\"name\":\"About La Cit\u00e9 de l&#039;\u00c9nergie - Immersive Activities\",\"isPartOf\":{\"@id\":\"https:\\\/\\\/www.citedelenergie.com\\\/en\\\/#website\"},\"datePublished\":\"2021-05-17T20:40:29+00:00\",\"dateModified\":\"2023-07-21T15:06:15+00:00\",\"description\":\"La Cit\u00e9 de l\u2019\u00e9nergie stands out for its immersive activities, which place the visitor at the center of his experience. For the whole family!\",\"breadcrumb\":{\"@id\":\"https:\\\/\\\/www.citedelenergie.com\\\/en\\\/about-la-cite\\\/#breadcrumb\"},\"inLanguage\":\"en-US\",\"potentialAction\":[{\"@type\":\"ReadAction\",\"target\":[\"https:\\\/\\\/www.citedelenergie.com\\\/en\\\/about-la-cite\\\/\"]}]},{\"@type\":\"BreadcrumbList\",\"@id\":\"https:\\\/\\\/www.citedelenergie.com\\\/en\\\/about-la-cite\\\/#breadcrumb\",\"itemListElement\":[{\"@type\":\"ListItem\",\"position\":1,\"name\":\"Accueil\",\"item\":\"https:\\\/\\\/www.citedelenergie.com\\\/en\\\/\"},{\"@type\":\"ListItem\",\"position\":2,\"name\":\"About la cit\u00e9\"}]},{\"@type\":\"WebSite\",\"@id\":\"https:\\\/\\\/www.citedelenergie.com\\\/en\\\/#website\",\"url\":\"https:\\\/\\\/www.citedelenergie.com\\\/en\\\/\",\"name\":\"La Cit\u00e9 de l'\u00c9nergie\",\"description\":\"Expositions &amp; Activit\u00e9s Immersives\",\"publisher\":{\"@id\":\"https:\\\/\\\/www.citedelenergie.com\\\/en\\\/#organization\"},\"potentialAction\":[{\"@type\":\"SearchAction\",\"target\":{\"@type\":\"EntryPoint\",\"urlTemplate\":\"https:\\\/\\\/www.citedelenergie.com\\\/en\\\/?s={search_term_string}\"},\"query-input\":{\"@type\":\"PropertyValueSpecification\",\"valueRequired\":true,\"valueName\":\"search_term_string\"}}],\"inLanguage\":\"en-US\"},{\"@type\":\"Organization\",\"@id\":\"https:\\\/\\\/www.citedelenergie.com\\\/en\\\/#organization\",\"name\":\"La Cit\u00e9 de l'\u00c9nergie\",\"url\":\"https:\\\/\\\/www.citedelenergie.com\\\/en\\\/\",\"logo\":{\"@type\":\"ImageObject\",\"inLanguage\":\"en-US\",\"@id\":\"https:\\\/\\\/www.citedelenergie.com\\\/en\\\/#\\\/schema\\\/logo\\\/image\\\/\",\"url\":\"https:\\\/\\\/www.citedelenergie.com\\\/wp-content\\\/uploads\\\/2023\\\/04\\\/Logo-Cite-fond-mauve-2.png\",\"contentUrl\":\"https:\\\/\\\/www.citedelenergie.com\\\/wp-content\\\/uploads\\\/2023\\\/04\\\/Logo-Cite-fond-mauve-2.png\",\"width\":762,\"height\":700,\"caption\":\"La Cit\u00e9 de l'\u00c9nergie\"},\"image\":{\"@id\":\"https:\\\/\\\/www.citedelenergie.com\\\/en\\\/#\\\/schema\\\/logo\\\/image\\\/\"},\"sameAs\":[\"https:\\\/\\\/www.facebook.com\\\/citedelenergie\\\/\",\"https:\\\/\\\/x.com\\\/citedelenergie\",\"https:\\\/\\\/www.instagram.com\\\/citedelenergie\\\/\",\"https:\\\/\\\/www.youtube.com\\\/channel\\\/UCqe6ukCAPaHxd8osxT7eLIA\"]}]}<\/script>\n<!-- \/ Yoast SEO plugin. -->","yoast_head_json":{"title":"About La Cit\u00e9 de l&#039;\u00c9nergie - Immersive Activities","description":"La Cit\u00e9 de l\u2019\u00e9nergie stands out for its immersive activities, which place the visitor at the center of his experience. For the whole family!","robots":{"index":"index","follow":"follow","max-snippet":"max-snippet:-1","max-image-preview":"max-image-preview:large","max-video-preview":"max-video-preview:-1"},"canonical":"https:\/\/www.citedelenergie.com\/en\/about-la-cite\/","og_locale":"en_US","og_type":"article","og_title":"About La Cit\u00e9 de l&#039;\u00c9nergie - Immersive Activities","og_description":"La Cit\u00e9 de l\u2019\u00e9nergie stands out for its immersive activities, which place the visitor at the center of his experience. For the whole family!","og_url":"https:\/\/www.citedelenergie.com\/en\/about-la-cite\/","og_site_name":"La Cit\u00e9 de l&#039;\u00c9nergie","article_publisher":"https:\/\/www.facebook.com\/citedelenergie\/","article_modified_time":"2023-07-21T15:06:15+00:00","twitter_card":"summary_large_image","twitter_site":"@citedelenergie","schema":{"@context":"https:\/\/schema.org","@graph":[{"@type":"WebPage","@id":"https:\/\/www.citedelenergie.com\/en\/about-la-cite\/","url":"https:\/\/www.citedelenergie.com\/en\/about-la-cite\/","name":"About La Cit\u00e9 de l&#039;\u00c9nergie - Immersive Activities","isPartOf":{"@id":"https:\/\/www.citedelenergie.com\/en\/#website"},"datePublished":"2021-05-17T20:40:29+00:00","dateModified":"2023-07-21T15:06:15+00:00","description":"La Cit\u00e9 de l\u2019\u00e9nergie stands out for its immersive activities, which place the visitor at the center of his experience. For the whole family!","breadcrumb":{"@id":"https:\/\/www.citedelenergie.com\/en\/about-la-cite\/#breadcrumb"},"inLanguage":"en-US","potentialAction":[{"@type":"ReadAction","target":["https:\/\/www.citedelenergie.com\/en\/about-la-cite\/"]}]},{"@type":"BreadcrumbList","@id":"https:\/\/www.citedelenergie.com\/en\/about-la-cite\/#breadcrumb","itemListElement":[{"@type":"ListItem","position":1,"name":"Accueil","item":"https:\/\/www.citedelenergie.com\/en\/"},{"@type":"ListItem","position":2,"name":"About la cit\u00e9"}]},{"@type":"WebSite","@id":"https:\/\/www.citedelenergie.com\/en\/#website","url":"https:\/\/www.citedelenergie.com\/en\/","name":"La Cit\u00e9 de l'\u00c9nergie","description":"Expositions &amp; Activit\u00e9s Immersives","publisher":{"@id":"https:\/\/www.citedelenergie.com\/en\/#organization"},"potentialAction":[{"@type":"SearchAction","target":{"@type":"EntryPoint","urlTemplate":"https:\/\/www.citedelenergie.com\/en\/?s={search_term_string}"},"query-input":{"@type":"PropertyValueSpecification","valueRequired":true,"valueName":"search_term_string"}}],"inLanguage":"en-US"},{"@type":"Organization","@id":"https:\/\/www.citedelenergie.com\/en\/#organization","name":"La Cit\u00e9 de l'\u00c9nergie","url":"https:\/\/www.citedelenergie.com\/en\/","logo":{"@type":"ImageObject","inLanguage":"en-US","@id":"https:\/\/www.citedelenergie.com\/en\/#\/schema\/logo\/image\/","url":"https:\/\/www.citedelenergie.com\/wp-content\/uploads\/2023\/04\/Logo-Cite-fond-mauve-2.png","contentUrl":"https:\/\/www.citedelenergie.com\/wp-content\/uploads\/2023\/04\/Logo-Cite-fond-mauve-2.png","width":762,"height":700,"caption":"La Cit\u00e9 de l'\u00c9nergie"},"image":{"@id":"https:\/\/www.citedelenergie.com\/en\/#\/schema\/logo\/image\/"},"sameAs":["https:\/\/www.facebook.com\/citedelenergie\/","https:\/\/x.com\/citedelenergie","https:\/\/www.instagram.com\/citedelenergie\/","https:\/\/www.youtube.com\/channel\/UCqe6ukCAPaHxd8osxT7eLIA"]}]}},"_links":{"self":[{"href":"https:\/\/www.citedelenergie.com\/en\/wp-json\/wp\/v2\/pages\/1569","targetHints":{"allow":["GET"]}}],"collection":[{"href":"https:\/\/www.citedelenergie.com\/en\/wp-json\/wp\/v2\/pages"}],"about":[{"href":"https:\/\/www.citedelenergie.com\/en\/wp-json\/wp\/v2\/types\/page"}],"author":[{"embeddable":true,"href":"https:\/\/www.citedelenergie.com\/en\/wp-json\/wp\/v2\/users\/1"}],"replies":[{"embeddable":true,"href":"https:\/\/www.citedelenergie.com\/en\/wp-json\/wp\/v2\/comments?post=1569"}],"version-history":[{"count":42,"href":"https:\/\/www.citedelenergie.com\/en\/wp-json\/wp\/v2\/pages\/1569\/revisions"}],"predecessor-version":[{"id":5449,"href":"https:\/\/www.citedelenergie.com\/en\/wp-json\/wp\/v2\/pages\/1569\/revisions\/5449"}],"wp:attachment":[{"href":"https:\/\/www.citedelenergie.com\/en\/wp-json\/wp\/v2\/media?parent=1569"}],"curies":[{"name":"wp","href":"https:\/\/api.w.org\/{rel}","templated":true}]}}